{"id":312,"date":"2022-09-27T20:08:47","date_gmt":"2022-09-27T18:08:47","guid":{"rendered":"http:\/\/uniqueforma.com\/?page_id=312"},"modified":"2022-09-28T11:50:18","modified_gmt":"2022-09-28T09:50:18","slug":"cybersecurity","status":"publish","type":"page","link":"https:\/\/uniqueforma.com\/index.php\/cybersecurity\/","title":{"rendered":"Cybersecurity"},"content":{"rendered":"\t\t<div data-elementor-type=\"wp-page\" data-elementor-id=\"312\" class=\"elementor elementor-312\">\n\t\t\t\t\t\t<section class=\"elementor-section elementor-top-section elementor-element elementor-element-18de0b41 elementor-section-full_width elementor-section-height-min-height elementor-section-items-stretch elementor-section-height-default\" data-id=\"18de0b41\" data-element_type=\"section\" data-e-type=\"section\" data-settings=\"{&quot;background_background&quot;:&quot;classic&quot;}\">\n\t\t\t\t\t\t<div class=\"elementor-container elementor-column-gap-no\">\n\t\t\t\t\t<div class=\"elementor-column elementor-col-50 elementor-top-column elementor-element elementor-element-57b06750\" data-id=\"57b06750\" data-element_type=\"column\" data-e-type=\"column\">\n\t\t\t<div class=\"elementor-widget-wrap elementor-element-populated\">\n\t\t\t\t\t\t<div class=\"elementor-element elementor-element-5b27590 elementor-widget__width-initial elementor-widget elementor-widget-icon-box\" data-id=\"5b27590\" data-element_type=\"widget\" data-e-type=\"widget\" data-widget_type=\"icon-box.default\">\n\t\t\t\t<div class=\"elementor-widget-container\">\n\t\t\t\t\t\t\t<div class=\"elementor-icon-box-wrapper\">\n\n\t\t\t\n\t\t\t\t\t\t<div class=\"elementor-icon-box-content\">\n\n\t\t\t\t\t\t\t\t\t<h1 class=\"elementor-icon-box-title\">\n\t\t\t\t\t\t<span  >\n\t\t\t\t\t\t\tCybersecurity<br><br>\n\t\t\t\t\t\t<\/span>\n\t\t\t\t\t<\/h1>\n\t\t\t\t\n\t\t\t\t\n\t\t\t<\/div>\n\t\t\t\n\t\t<\/div>\n\t\t\t\t\t\t<\/div>\n\t\t\t\t<\/div>\n\t\t\t\t\t<\/div>\n\t\t<\/div>\n\t\t\t\t<div class=\"elementor-column elementor-col-50 elementor-top-column elementor-element elementor-element-a816af5\" data-id=\"a816af5\" data-element_type=\"column\" data-e-type=\"column\" data-settings=\"{&quot;background_background&quot;:&quot;classic&quot;}\">\n\t\t\t<div class=\"elementor-widget-wrap elementor-element-populated\">\n\t\t\t\t\t\t<div class=\"elementor-element elementor-element-f2ff186 elementor-widget elementor-widget-image\" data-id=\"f2ff186\" data-element_type=\"widget\" data-e-type=\"widget\" data-settings=\"{&quot;motion_fx_motion_fx_scrolling&quot;:&quot;yes&quot;,&quot;motion_fx_translateY_effect&quot;:&quot;yes&quot;,&quot;motion_fx_translateY_direction&quot;:&quot;negative&quot;,&quot;motion_fx_translateY_affectedRange&quot;:{&quot;unit&quot;:&quot;%&quot;,&quot;size&quot;:&quot;&quot;,&quot;sizes&quot;:{&quot;start&quot;:50,&quot;end&quot;:100}},&quot;motion_fx_devices&quot;:[&quot;desktop&quot;],&quot;motion_fx_translateY_speed&quot;:{&quot;unit&quot;:&quot;px&quot;,&quot;size&quot;:4,&quot;sizes&quot;:[]}}\" data-widget_type=\"image.default\">\n\t\t\t\t<div class=\"elementor-widget-container\">\n\t\t\t\t\t\t\t\t\t\t\t\t\t\t\t<img fetchpriority=\"high\" decoding=\"async\" width=\"1460\" height=\"973\" src=\"https:\/\/uniqueforma.com\/wp-content\/uploads\/2022\/09\/Formation-cybersecurity-Uniqueforma.jpg\" class=\"attachment-full size-full wp-image-200\" alt=\"Formation cybersecuruty uniqueforma\" srcset=\"https:\/\/uniqueforma.com\/wp-content\/uploads\/2022\/09\/Formation-cybersecurity-Uniqueforma.jpg 1460w, https:\/\/uniqueforma.com\/wp-content\/uploads\/2022\/09\/Formation-cybersecurity-Uniqueforma-300x200.jpg 300w, https:\/\/uniqueforma.com\/wp-content\/uploads\/2022\/09\/Formation-cybersecurity-Uniqueforma-1024x682.jpg 1024w, https:\/\/uniqueforma.com\/wp-content\/uploads\/2022\/09\/Formation-cybersecurity-Uniqueforma-768x512.jpg 768w\" sizes=\"(max-width: 1460px) 100vw, 1460px\" \/>\t\t\t\t\t\t\t\t\t\t\t\t\t\t\t<\/div>\n\t\t\t\t<\/div>\n\t\t\t\t\t<\/div>\n\t\t<\/div>\n\t\t\t\t\t<\/div>\n\t\t<\/section>\n\t\t\t\t<section class=\"elementor-section elementor-top-section elementor-element elementor-element-35b57000 elementor-section-boxed elementor-section-height-default elementor-section-height-default\" data-id=\"35b57000\" data-element_type=\"section\" data-e-type=\"section\">\n\t\t\t\t\t\t<div class=\"elementor-container elementor-column-gap-no\">\n\t\t\t\t\t<div class=\"elementor-column elementor-col-100 elementor-top-column elementor-element elementor-element-5b39bb7c\" data-id=\"5b39bb7c\" data-element_type=\"column\" data-e-type=\"column\">\n\t\t\t<div class=\"elementor-widget-wrap elementor-element-populated\">\n\t\t\t\t\t\t<div class=\"elementor-element elementor-element-2c5885f3 elementor-invisible elementor-widget elementor-widget-heading\" data-id=\"2c5885f3\" data-element_type=\"widget\" data-e-type=\"widget\" data-settings=\"{&quot;_animation&quot;:&quot;fadeInUp&quot;}\" data-widget_type=\"heading.default\">\n\t\t\t\t<div class=\"elementor-widget-container\">\n\t\t\t\t\t<h2 class=\"elementor-heading-title elementor-size-default\">Les diff\u00e9rents modules <\/h2>\t\t\t\t<\/div>\n\t\t\t\t<\/div>\n\t\t\t\t<div class=\"elementor-element elementor-element-bfef670 elementor-widget-divider--view-line elementor-widget elementor-widget-divider\" data-id=\"bfef670\" data-element_type=\"widget\" data-e-type=\"widget\" data-widget_type=\"divider.default\">\n\t\t\t\t<div class=\"elementor-widget-container\">\n\t\t\t\t\t\t\t<div class=\"elementor-divider\">\n\t\t\t<span class=\"elementor-divider-separator\">\n\t\t\t\t\t\t<\/span>\n\t\t<\/div>\n\t\t\t\t\t\t<\/div>\n\t\t\t\t<\/div>\n\t\t\t\t\t<\/div>\n\t\t<\/div>\n\t\t\t\t\t<\/div>\n\t\t<\/section>\n\t\t\t\t<section class=\"elementor-section elementor-top-section elementor-element elementor-element-d64f9fc elementor-section-boxed elementor-section-height-default elementor-section-height-default\" data-id=\"d64f9fc\" data-element_type=\"section\" data-e-type=\"section\">\n\t\t\t\t\t\t<div class=\"elementor-container elementor-column-gap-default\">\n\t\t\t\t\t<div class=\"elementor-column elementor-col-100 elementor-top-column elementor-element elementor-element-5f3663c\" data-id=\"5f3663c\" data-element_type=\"column\" data-e-type=\"column\">\n\t\t\t<div class=\"elementor-widget-wrap elementor-element-populated\">\n\t\t\t\t\t\t<div class=\"elementor-element elementor-element-ea5d27e elementor-widget-divider--view-line elementor-widget elementor-widget-divider\" data-id=\"ea5d27e\" data-element_type=\"widget\" data-e-type=\"widget\" data-widget_type=\"divider.default\">\n\t\t\t\t<div class=\"elementor-widget-container\">\n\t\t\t\t\t\t\t<div class=\"elementor-divider\">\n\t\t\t<span class=\"elementor-divider-separator\">\n\t\t\t\t\t\t<\/span>\n\t\t<\/div>\n\t\t\t\t\t\t<\/div>\n\t\t\t\t<\/div>\n\t\t\t\t<div class=\"elementor-element elementor-element-3a5200b elementor-widget elementor-widget-text-editor\" data-id=\"3a5200b\" data-element_type=\"widget\" data-e-type=\"widget\" data-widget_type=\"text-editor.default\">\n\t\t\t\t<div class=\"elementor-widget-container\">\n\t\t\t\t\t\t\t\t\t<p><em><strong>Formation cybersecurity \u2014 320 heures<\/strong><\/em><\/p><p><em><strong>\u00a0<\/strong><\/em><\/p><p>Le technicien sup\u00e9rieur syst\u00e8mes et r\u00e9seaux participe \u00e0 la mise en service et au maintien en condition op\u00e9rationnelle de l&#8217;infrastructure informatique. Il intervient sur les syst\u00e8mes et les r\u00e9seaux, sur les \u00e9l\u00e9ments mat\u00e9riels et logiciels qui composent l&#8217;infrastructure, afin d&#8217;offrir aux utilisateurs et aux clients le niveau de service attendu par l&#8217;entreprise.<\/p><p>\u00a0<\/p><p>\u00a0<\/p><p><em><strong>Module 1 \u2014 80 heures \u2014 Verification et audit des syst\u00e8mes<\/strong><\/em><br \/><em><strong>Collecter \/ Diagnostiquer<\/strong><\/em><\/p><p>Documenter et dresser un rapport d\u2019\u00e9tat des lieux<br \/>Recommander &#8211; diffuser les bonnes pratiques et les mesures<br \/>correctives<br \/>Le technicien sup\u00e9rieur syst\u00e8mes et r\u00e9seaux assure une veille<br \/>technologique et r\u00e9glementaire afin de maintenir ses comp\u00e9tences \u00e0 jour et de tester les nouvelles technologies.<\/p><p>\u00a0<\/p>\t\t\t\t\t\t\t\t<\/div>\n\t\t\t\t<\/div>\n\t\t\t\t<div class=\"elementor-element elementor-element-e341e8c elementor-widget-divider--view-line elementor-widget elementor-widget-divider\" data-id=\"e341e8c\" data-element_type=\"widget\" data-e-type=\"widget\" data-widget_type=\"divider.default\">\n\t\t\t\t<div class=\"elementor-widget-container\">\n\t\t\t\t\t\t\t<div class=\"elementor-divider\">\n\t\t\t<span class=\"elementor-divider-separator\">\n\t\t\t\t\t\t<\/span>\n\t\t<\/div>\n\t\t\t\t\t\t<\/div>\n\t\t\t\t<\/div>\n\t\t\t\t\t<\/div>\n\t\t<\/div>\n\t\t\t\t\t<\/div>\n\t\t<\/section>\n\t\t\t\t<section class=\"elementor-section elementor-top-section elementor-element elementor-element-4d1c507 elementor-section-boxed elementor-section-height-default elementor-section-height-default\" data-id=\"4d1c507\" data-element_type=\"section\" data-e-type=\"section\">\n\t\t\t\t\t\t<div class=\"elementor-container elementor-column-gap-default\">\n\t\t\t\t\t<div class=\"elementor-column elementor-col-100 elementor-top-column elementor-element elementor-element-a1fe080\" data-id=\"a1fe080\" data-element_type=\"column\" data-e-type=\"column\">\n\t\t\t<div class=\"elementor-widget-wrap elementor-element-populated\">\n\t\t\t\t\t\t<div class=\"elementor-element elementor-element-b124b58 elementor-widget elementor-widget-text-editor\" data-id=\"b124b58\" data-element_type=\"widget\" data-e-type=\"widget\" data-widget_type=\"text-editor.default\">\n\t\t\t\t<div class=\"elementor-widget-container\">\n\t\t\t\t\t\t\t\t\t<p><em><strong>Module 2 \u2014 60 heures \u2014 Sauvegarde, plan de gestion des donnees<\/strong><\/em><br \/><em><strong>Surveillance des syst\u00e8mes<\/strong><\/em><\/p><p>Mise en place des alertes et journaux de s\u00e9curit\u00e9<br \/>Quotidiennement il v\u00e9rifie que les sauvegardes de tous les \u00e9l\u00e9ments de l&#8217;infrastructure (serveurs et \u00e9quipements actifs du r\u00e9seau) ont \u00e9t\u00e9 r\u00e9alis\u00e9es, il surveille tous les \u00e9quipements syst\u00e8mes et r\u00e9seaux et les journaux de s\u00e9curit\u00e9 et r\u00e9agit lorsqu&#8217;il re\u00e7oit des alertes. Tour de champ des certifications<\/p>\t\t\t\t\t\t\t\t<\/div>\n\t\t\t\t<\/div>\n\t\t\t\t\t<\/div>\n\t\t<\/div>\n\t\t\t\t\t<\/div>\n\t\t<\/section>\n\t\t\t\t<section class=\"elementor-section elementor-top-section elementor-element elementor-element-1b9accf elementor-section-boxed elementor-section-height-default elementor-section-height-default\" data-id=\"1b9accf\" data-element_type=\"section\" data-e-type=\"section\">\n\t\t\t\t\t\t<div class=\"elementor-container elementor-column-gap-default\">\n\t\t\t\t\t<div class=\"elementor-column elementor-col-100 elementor-top-column elementor-element elementor-element-da9ba6e\" data-id=\"da9ba6e\" data-element_type=\"column\" data-e-type=\"column\">\n\t\t\t<div class=\"elementor-widget-wrap elementor-element-populated\">\n\t\t\t\t\t\t<div class=\"elementor-element elementor-element-8960a4d elementor-widget-divider--view-line elementor-widget elementor-widget-divider\" data-id=\"8960a4d\" data-element_type=\"widget\" data-e-type=\"widget\" data-widget_type=\"divider.default\">\n\t\t\t\t<div class=\"elementor-widget-container\">\n\t\t\t\t\t\t\t<div class=\"elementor-divider\">\n\t\t\t<span class=\"elementor-divider-separator\">\n\t\t\t\t\t\t<\/span>\n\t\t<\/div>\n\t\t\t\t\t\t<\/div>\n\t\t\t\t<\/div>\n\t\t\t\t<div class=\"elementor-element elementor-element-65c7b6c elementor-widget elementor-widget-text-editor\" data-id=\"65c7b6c\" data-element_type=\"widget\" data-e-type=\"widget\" data-widget_type=\"text-editor.default\">\n\t\t\t\t<div class=\"elementor-widget-container\">\n\t\t\t\t\t\t\t\t\t<p><em><strong>Module 3 \u2014 100 heures \u2014 Identification et Autorisation<\/strong><\/em><\/p><p>A la demande de son responsable, il cr\u00e9e, supprime ou modifie les<br \/>moyens d&#8217;interconnexion des sites distants de l&#8217;entreprise.<br \/>A tout moment, il peut \u00eatre sollicit\u00e9 par le centre de services pour<br \/>diagnostiquer et r\u00e9soudre les dysfonctionnements relevant du<br \/>syst\u00e8me, du r\u00e9seau ou de la t\u00e9l\u00e9phonie sur IP. Il r\u00e9tablit l&#8217;acc\u00e8s aux<br \/>ressources partag\u00e9es et aux applications.<br \/>Il maintient et exploite le domaine Active Directory et les ressources partag\u00e9es.<br \/>Gestion des autorisations et demande d\u2019acc\u00e8s<br \/>Il ma\u00eetrise les langages de script afin de pouvoir automatiser de<br \/>nouvelles t\u00e2ches et faire \u00e9voluer les scripts existants.<\/p>\t\t\t\t\t\t\t\t<\/div>\n\t\t\t\t<\/div>\n\t\t\t\t\t<\/div>\n\t\t<\/div>\n\t\t\t\t\t<\/div>\n\t\t<\/section>\n\t\t\t\t<section class=\"elementor-section elementor-top-section elementor-element elementor-element-80e2285 elementor-section-boxed elementor-section-height-default elementor-section-height-default\" data-id=\"80e2285\" data-element_type=\"section\" data-e-type=\"section\">\n\t\t\t\t\t\t<div class=\"elementor-container elementor-column-gap-default\">\n\t\t\t\t\t<div class=\"elementor-column elementor-col-100 elementor-top-column elementor-element elementor-element-54874b6\" data-id=\"54874b6\" data-element_type=\"column\" data-e-type=\"column\">\n\t\t\t<div class=\"elementor-widget-wrap elementor-element-populated\">\n\t\t\t\t\t\t<div class=\"elementor-element elementor-element-af49be7 elementor-widget-divider--view-line elementor-widget elementor-widget-divider\" data-id=\"af49be7\" data-element_type=\"widget\" data-e-type=\"widget\" data-widget_type=\"divider.default\">\n\t\t\t\t<div class=\"elementor-widget-container\">\n\t\t\t\t\t\t\t<div class=\"elementor-divider\">\n\t\t\t<span class=\"elementor-divider-separator\">\n\t\t\t\t\t\t<\/span>\n\t\t<\/div>\n\t\t\t\t\t\t<\/div>\n\t\t\t\t<\/div>\n\t\t\t\t<div class=\"elementor-element elementor-element-b6a84b4 elementor-widget elementor-widget-text-editor\" data-id=\"b6a84b4\" data-element_type=\"widget\" data-e-type=\"widget\" data-widget_type=\"text-editor.default\">\n\t\t\t\t<div class=\"elementor-widget-container\">\n\t\t\t\t\t\t\t\t\t<p><em><strong>Module 4 \u2014 60 heures \u2014 S\u00e9curit\u00e9 des mat\u00e9riels et appareils\u00a0<\/strong><\/em><span style=\"background-color: var(--global--color-background);\"><b><i>interconnect\u00e9s<\/i><\/b><\/span><\/p><p>Lorsqu&#8217;il travaille chez un \u00e9diteur de logiciels ou un fournisseur<br \/>d&#8217;h\u00e9bergement, ou une entreprise utilisatrice de services en ligne, il assure l&#8217;exploitation quotidienne des serveurs, la mise en service de nouveaux serveurs, la mise en production des applications et des\u00a0<span style=\"font-family: var( --e-global-typography-text-font-family ), Sans-serif; font-weight: var( --e-global-typography-text-font-weight ); color: var(--global--color-primary); font-size: var(--global--font-size-base);\">mises \u00e0 jour de celles-ci.<\/span><\/p><p>Le technicien sup\u00e9rieur syst\u00e8mes et r\u00e9seaux assiste les utilisateurs dans l&#8217;utilisation de leur \u00e9quipement num\u00e9rique.<br \/>Parades mises en oeuvre pour d\u00e9jouer les tentatives d\u2019intrusion<\/p>\t\t\t\t\t\t\t\t<\/div>\n\t\t\t\t<\/div>\n\t\t\t\t\t<\/div>\n\t\t<\/div>\n\t\t\t\t\t<\/div>\n\t\t<\/section>\n\t\t\t\t<section class=\"elementor-section elementor-top-section elementor-element elementor-element-ef27295 elementor-section-boxed elementor-section-height-default elementor-section-height-default\" data-id=\"ef27295\" data-element_type=\"section\" data-e-type=\"section\">\n\t\t\t\t\t\t<div class=\"elementor-container elementor-column-gap-default\">\n\t\t\t\t\t<div class=\"elementor-column elementor-col-100 elementor-top-column elementor-element elementor-element-231d06b\" data-id=\"231d06b\" data-element_type=\"column\" data-e-type=\"column\">\n\t\t\t<div class=\"elementor-widget-wrap elementor-element-populated\">\n\t\t\t\t\t\t<div class=\"elementor-element elementor-element-09b575d elementor-widget-divider--view-line elementor-widget elementor-widget-divider\" data-id=\"09b575d\" data-element_type=\"widget\" data-e-type=\"widget\" data-widget_type=\"divider.default\">\n\t\t\t\t<div class=\"elementor-widget-container\">\n\t\t\t\t\t\t\t<div class=\"elementor-divider\">\n\t\t\t<span class=\"elementor-divider-separator\">\n\t\t\t\t\t\t<\/span>\n\t\t<\/div>\n\t\t\t\t\t\t<\/div>\n\t\t\t\t<\/div>\n\t\t\t\t<div class=\"elementor-element elementor-element-ac28046 elementor-widget elementor-widget-text-editor\" data-id=\"ac28046\" data-element_type=\"widget\" data-e-type=\"widget\" data-widget_type=\"text-editor.default\">\n\t\t\t\t<div class=\"elementor-widget-container\">\n\t\t\t\t\t\t\t\t\t<p><em><strong>Module 5 \u2014 20 heures \u2014 Enjeux juridiques et plan de gestion des risques<\/strong><\/em><\/p><p>Il utilise les outils d&#8217;administration des diff\u00e9rents environnements des services h\u00e9berg\u00e9s \u00e0 l&#8217;externe et consulte les contrats pour r\u00e9tablir ou am\u00e9liorer le fonctionnement du service.<br \/>Il contribue au d\u00e9veloppement des comp\u00e9tences des utilisateurs en expliquant les r\u00e8gles de s\u00e9curit\u00e9 et de bon usage des logiciels et des outils collaboratifs en ligne et apporte l&#8217;aide n\u00e9cessaire \u00e0 leur synchronisation.<\/p>\t\t\t\t\t\t\t\t<\/div>\n\t\t\t\t<\/div>\n\t\t\t\t\t<\/div>\n\t\t<\/div>\n\t\t\t\t\t<\/div>\n\t\t<\/section>\n\t\t\t\t<section class=\"elementor-section elementor-top-section elementor-element elementor-element-bc027b6 elementor-section-boxed elementor-section-height-default elementor-section-height-default\" data-id=\"bc027b6\" data-element_type=\"section\" data-e-type=\"section\">\n\t\t\t\t\t\t<div class=\"elementor-container elementor-column-gap-default\">\n\t\t\t\t\t<div class=\"elementor-column elementor-col-100 elementor-top-column elementor-element elementor-element-ce0e60d\" data-id=\"ce0e60d\" data-element_type=\"column\" data-e-type=\"column\">\n\t\t\t<div class=\"elementor-widget-wrap elementor-element-populated\">\n\t\t\t\t\t\t<div class=\"elementor-element elementor-element-6d2e49a elementor-widget-divider--view-line elementor-widget elementor-widget-divider\" data-id=\"6d2e49a\" data-element_type=\"widget\" data-e-type=\"widget\" data-widget_type=\"divider.default\">\n\t\t\t\t<div class=\"elementor-widget-container\">\n\t\t\t\t\t\t\t<div class=\"elementor-divider\">\n\t\t\t<span class=\"elementor-divider-separator\">\n\t\t\t\t\t\t<\/span>\n\t\t<\/div>\n\t\t\t\t\t\t<\/div>\n\t\t\t\t<\/div>\n\t\t\t\t\t<\/div>\n\t\t<\/div>\n\t\t\t\t\t<\/div>\n\t\t<\/section>\n\t\t\t\t<section class=\"elementor-section elementor-top-section elementor-element elementor-element-8ef31c9 elementor-section-boxed elementor-section-height-default elementor-section-height-default\" data-id=\"8ef31c9\" data-element_type=\"section\" data-e-type=\"section\">\n\t\t\t\t\t\t<div class=\"elementor-container elementor-column-gap-default\">\n\t\t\t\t\t<div class=\"elementor-column elementor-col-100 elementor-top-column elementor-element elementor-element-d6318be\" data-id=\"d6318be\" data-element_type=\"column\" data-e-type=\"column\">\n\t\t\t<div class=\"elementor-widget-wrap elementor-element-populated\">\n\t\t\t\t\t\t<section class=\"elementor-section elementor-inner-section elementor-element elementor-element-de6ca1e elementor-section-boxed elementor-section-height-default elementor-section-height-default\" data-id=\"de6ca1e\" data-element_type=\"section\" data-e-type=\"section\">\n\t\t\t\t\t\t<div class=\"elementor-container elementor-column-gap-default\">\n\t\t\t\t\t<div class=\"elementor-column elementor-col-50 elementor-inner-column elementor-element elementor-element-90ff576\" data-id=\"90ff576\" data-element_type=\"column\" data-e-type=\"column\">\n\t\t\t<div class=\"elementor-widget-wrap elementor-element-populated\">\n\t\t\t\t\t\t<div class=\"elementor-element elementor-element-a8bfccb elementor-widget elementor-widget-button\" data-id=\"a8bfccb\" data-element_type=\"widget\" data-e-type=\"widget\" data-widget_type=\"button.default\">\n\t\t\t\t<div class=\"elementor-widget-container\">\n\t\t\t\t\t\t\t\t\t<div class=\"elementor-button-wrapper\">\n\t\t\t\t\t<a class=\"elementor-button elementor-button-link elementor-size-sm\" href=\"http:\/\/uniqueforma.com\/index.php\/help-desk\/\">\n\t\t\t\t\t\t<span class=\"elementor-button-content-wrapper\">\n\t\t\t\t\t\t\t\t\t<span class=\"elementor-button-text\">Formation Help Desk<\/span>\n\t\t\t\t\t<\/span>\n\t\t\t\t\t<\/a>\n\t\t\t\t<\/div>\n\t\t\t\t\t\t\t\t<\/div>\n\t\t\t\t<\/div>\n\t\t\t\t\t<\/div>\n\t\t<\/div>\n\t\t\t\t<div class=\"elementor-column elementor-col-50 elementor-inner-column elementor-element elementor-element-6b6f3ad\" data-id=\"6b6f3ad\" data-element_type=\"column\" data-e-type=\"column\">\n\t\t\t<div class=\"elementor-widget-wrap elementor-element-populated\">\n\t\t\t\t\t\t<div class=\"elementor-element elementor-element-b71e522 elementor-widget elementor-widget-button\" data-id=\"b71e522\" data-element_type=\"widget\" data-e-type=\"widget\" data-widget_type=\"button.default\">\n\t\t\t\t<div class=\"elementor-widget-container\">\n\t\t\t\t\t\t\t\t\t<div class=\"elementor-button-wrapper\">\n\t\t\t\t\t<a class=\"elementor-button elementor-button-link elementor-size-sm\" href=\"http:\/\/uniqueforma.com\/index.php\/informatique\/\">\n\t\t\t\t\t\t<span class=\"elementor-button-content-wrapper\">\n\t\t\t\t\t\t\t\t\t<span class=\"elementor-button-text\">Formation Informatique<\/span>\n\t\t\t\t\t<\/span>\n\t\t\t\t\t<\/a>\n\t\t\t\t<\/div>\n\t\t\t\t\t\t\t\t<\/div>\n\t\t\t\t<\/div>\n\t\t\t\t\t<\/div>\n\t\t<\/div>\n\t\t\t\t\t<\/div>\n\t\t<\/section>\n\t\t\t\t\t<\/div>\n\t\t<\/div>\n\t\t\t\t\t<\/div>\n\t\t<\/section>\n\t\t\t\t<\/div>\n\t\t","protected":false},"excerpt":{"rendered":"<p>Cybersecurity Les diff\u00e9rents modules Formation cybersecurity \u2014 320 heures \u00a0 Le technicien sup\u00e9rieur syst\u00e8mes et r\u00e9seaux participe \u00e0 la mise en service et au maintien en condition op\u00e9rationnelle de l&#8217;infrastructure informatique. Il intervient sur les syst\u00e8mes et les r\u00e9seaux, sur les \u00e9l\u00e9ments mat\u00e9riels et logiciels qui composent l&#8217;infrastructure, afin d&#8217;offrir aux utilisateurs et aux clients&hellip;&nbsp;<a href=\"https:\/\/uniqueforma.com\/index.php\/cybersecurity\/\" class=\"\" rel=\"bookmark\">Read More &raquo;<span class=\"screen-reader-text\">Cybersecurity<\/span><\/a><\/p>\n","protected":false},"author":1,"featured_media":0,"parent":0,"menu_order":0,"comment_status":"closed","ping_status":"closed","template":"","meta":{"neve_meta_sidebar":"","neve_meta_container":"","neve_meta_enable_content_width":"","neve_meta_content_width":0,"neve_meta_title_alignment":"","neve_meta_author_avatar":"","neve_post_elements_order":"","neve_meta_disable_header":"","neve_meta_disable_footer":"","neve_meta_disable_title":"","footnotes":""},"class_list":["post-312","page","type-page","status-publish","hentry"],"_links":{"self":[{"href":"https:\/\/uniqueforma.com\/index.php\/wp-json\/wp\/v2\/pages\/312","targetHints":{"allow":["GET"]}}],"collection":[{"href":"https:\/\/uniqueforma.com\/index.php\/wp-json\/wp\/v2\/pages"}],"about":[{"href":"https:\/\/uniqueforma.com\/index.php\/wp-json\/wp\/v2\/types\/page"}],"author":[{"embeddable":true,"href":"https:\/\/uniqueforma.com\/index.php\/wp-json\/wp\/v2\/users\/1"}],"replies":[{"embeddable":true,"href":"https:\/\/uniqueforma.com\/index.php\/wp-json\/wp\/v2\/comments?post=312"}],"version-history":[{"count":13,"href":"https:\/\/uniqueforma.com\/index.php\/wp-json\/wp\/v2\/pages\/312\/revisions"}],"predecessor-version":[{"id":535,"href":"https:\/\/uniqueforma.com\/index.php\/wp-json\/wp\/v2\/pages\/312\/revisions\/535"}],"wp:attachment":[{"href":"https:\/\/uniqueforma.com\/index.php\/wp-json\/wp\/v2\/media?parent=312"}],"curies":[{"name":"wp","href":"https:\/\/api.w.org\/{rel}","templated":true}]}}